{"id":40,"date":"2013-06-24T17:50:17","date_gmt":"2013-06-24T15:50:17","guid":{"rendered":"http:\/\/beckerthorsten.de\/BabyBlog\/?page_id=40"},"modified":"2014-08-29T11:33:52","modified_gmt":"2014-08-29T09:33:52","slug":"miriam-thorsten","status":"publish","type":"page","link":"http:\/\/bauchzwergl.de\/?page_id=40","title":{"rendered":"Miriam &#038; Thorsten"},"content":{"rendered":"<p>Ich m\u00f6chte hier keinen Roman schreiben aber trotzdem ein wenig \u00fcber uns preisgeben.<\/p>\n<p>Miriam und ich sind seit Dezember 2007 ein gl\u00fcckliches Paar.<\/p>\n<p><a href=\"http:\/\/beckerthorsten.de\/BabyBlog\/wp-content\/uploads\/2013\/06\/paarbild.jpg\"><img decoding=\"async\" loading=\"lazy\" class=\"alignnone size-thumbnail wp-image-263\" src=\"http:\/\/beckerthorsten.de\/BabyBlog\/wp-content\/uploads\/2013\/06\/paarbild-150x150.jpg\" alt=\"Paarbild\" width=\"150\" height=\"150\" \/><\/a><\/p>\n<p>&nbsp;<\/p>\n<p>Im Dezember 2010 habe ich Miriam einen Antrag gemacht und nach langer Zeit haben wir dann im Juli 2012 endlich geheiratet.<\/p>\n<p><a href=\"http:\/\/beckerthorsten.de\/BabyBlog\/wp-content\/uploads\/2013\/06\/hochzeitsbild.jpg\"><img decoding=\"async\" loading=\"lazy\" class=\"alignnone size-thumbnail wp-image-264\" src=\"http:\/\/beckerthorsten.de\/BabyBlog\/wp-content\/uploads\/2013\/06\/hochzeitsbild-150x150.jpg\" alt=\"Hochzeitsbild\" width=\"150\" height=\"150\" \/><\/a><\/p>\n<p>&nbsp;<\/p>\n<p>Auch das Jahr 2013 ist f\u00fcr uns ein besonders Jahr zum einen haben wir uns in Edenkoben ein Haus gekauft und ja Miriam wurde schwanger. Deshalb dieser Blog.<\/p>\n<p>Wir freuen uns riesig \u00fcber unseren Sohn der im Februar 2014 das Licht der Welt entdeckt hat.<\/p>\n","protected":false},"excerpt":{"rendered":"<p>Ich m\u00f6chte hier keinen Roman schreiben aber trotzdem ein wenig \u00fcber uns preisgeben. Miriam und ich sind seit Dezember 2007 ein gl\u00fcckliches Paar. &nbsp; Im Dezember 2010 habe ich Miriam einen Antrag gemacht und nach langer Zeit haben wir dann im Juli 2012 endlich geheiratet. &nbsp; Auch das Jahr 2013 ist f\u00fcr uns ein besonders&#8230;<br \/><a class=\"more-link\" href=\"http:\/\/bauchzwergl.de\/?page_id=40\">Weiterlesen &raquo;<\/a><\/p>\n","protected":false},"author":1,"featured_media":0,"parent":0,"menu_order":2,"comment_status":"closed","ping_status":"closed","template":"","meta":{"jetpack_post_was_ever_published":false,"footnotes":""},"jetpack_sharing_enabled":true,"jetpack_shortlink":"https:\/\/wp.me\/P4XYrN-E","jetpack_likes_enabled":true,"_links":{"self":[{"href":"http:\/\/bauchzwergl.de\/index.php?rest_route=\/wp\/v2\/pages\/40"}],"collection":[{"href":"http:\/\/bauchzwergl.de\/index.php?rest_route=\/wp\/v2\/pages"}],"about":[{"href":"http:\/\/bauchzwergl.de\/index.php?rest_route=\/wp\/v2\/types\/page"}],"author":[{"embeddable":true,"href":"http:\/\/bauchzwergl.de\/index.php?rest_route=\/wp\/v2\/users\/1"}],"replies":[{"embeddable":true,"href":"http:\/\/bauchzwergl.de\/index.php?rest_route=%2Fwp%2Fv2%2Fcomments&post=40"}],"version-history":[{"count":2,"href":"http:\/\/bauchzwergl.de\/index.php?rest_route=\/wp\/v2\/pages\/40\/revisions"}],"predecessor-version":[{"id":508,"href":"http:\/\/bauchzwergl.de\/index.php?rest_route=\/wp\/v2\/pages\/40\/revisions\/508"}],"wp:attachment":[{"href":"http:\/\/bauchzwergl.de\/index.php?rest_route=%2Fwp%2Fv2%2Fmedia&parent=40"}],"curies":[{"name":"wp","href":"https:\/\/api.w.org\/{rel}","templated":true}]}}