{"id":509,"date":"2014-08-29T11:37:40","date_gmt":"2014-08-29T09:37:40","guid":{"rendered":"http:\/\/bauchzwergl.de\/?page_id=509"},"modified":"2015-01-23T07:54:09","modified_gmt":"2015-01-23T05:54:09","slug":"henri-simon","status":"publish","type":"page","link":"https:\/\/bauchzwergl.de\/?page_id=509","title":{"rendered":"Henri Simon"},"content":{"rendered":"<p>Henri Simon ist unser ein und alles!<\/p>\n<p>Henri wurde am 24. Februar 2014 um 16:45 Uhr geboren.<\/p>\n<p>Er hatte ein Gewicht von 3410 Gramm und war 54cm gro\u00df.<\/p>\n<p>Henri ist ein sehr fr\u00f6hliches Kind und findet f\u00fcr jeden ein L\u00e4cheln.<\/p>\n<p><a href=\"http:\/\/bauchzwergl.de\/wp-content\/uploads\/2014\/08\/IMG_1581.jpg\"><img decoding=\"async\" loading=\"lazy\" class=\"aligncenter size-medium wp-image-661\" src=\"http:\/\/bauchzwergl.de\/wp-content\/uploads\/2014\/08\/BC2A1077-300x200.jpg\" alt=\"Henri_120614\" width=\"300\" height=\"200\" srcset=\"https:\/\/bauchzwergl.de\/wp-content\/uploads\/2014\/08\/BC2A1077-300x200.jpg 300w, https:\/\/bauchzwergl.de\/wp-content\/uploads\/2014\/08\/BC2A1077-600x400.jpg 600w, https:\/\/bauchzwergl.de\/wp-content\/uploads\/2014\/08\/BC2A1077.jpg 900w\" sizes=\"(max-width: 300px) 100vw, 300px\" \/><\/a><\/p>\n<p><a href=\"http:\/\/bauchzwergl.de\/wp-content\/uploads\/2014\/08\/IMG_1581.jpg\"><img decoding=\"async\" loading=\"lazy\" class=\"aligncenter size-medium wp-image-512\" src=\"http:\/\/bauchzwergl.de\/wp-content\/uploads\/2014\/08\/IMG_1581-225x300.jpg\" alt=\"Henri (6 Monate)\" width=\"225\" height=\"300\" srcset=\"https:\/\/bauchzwergl.de\/wp-content\/uploads\/2014\/08\/IMG_1581-225x300.jpg 225w, https:\/\/bauchzwergl.de\/wp-content\/uploads\/2014\/08\/IMG_1581-768x1024.jpg 768w, https:\/\/bauchzwergl.de\/wp-content\/uploads\/2014\/08\/IMG_1581-600x800.jpg 600w, https:\/\/bauchzwergl.de\/wp-content\/uploads\/2014\/08\/IMG_1581.jpg 1536w\" sizes=\"(max-width: 225px) 100vw, 225px\" \/><\/a><\/p>\n<p>&nbsp;<\/p>\n","protected":false},"excerpt":{"rendered":"<p>Henri Simon ist unser ein und alles! Henri wurde am 24. Februar 2014 um 16:45 Uhr geboren. Er hatte ein Gewicht von 3410 Gramm und war 54cm gro\u00df. Henri ist ein sehr fr\u00f6hliches Kind und findet f\u00fcr jeden ein L\u00e4cheln. &nbsp;<\/p>\n","protected":false},"author":1,"featured_media":0,"parent":0,"menu_order":3,"comment_status":"open","ping_status":"open","template":"","meta":{"jetpack_post_was_ever_published":false,"footnotes":""},"jetpack_sharing_enabled":true,"jetpack_shortlink":"https:\/\/wp.me\/P4XYrN-8d","jetpack_likes_enabled":true,"_links":{"self":[{"href":"https:\/\/bauchzwergl.de\/index.php?rest_route=\/wp\/v2\/pages\/509"}],"collection":[{"href":"https:\/\/bauchzwergl.de\/index.php?rest_route=\/wp\/v2\/pages"}],"about":[{"href":"https:\/\/bauchzwergl.de\/index.php?rest_route=\/wp\/v2\/types\/page"}],"author":[{"embeddable":true,"href":"https:\/\/bauchzwergl.de\/index.php?rest_route=\/wp\/v2\/users\/1"}],"replies":[{"embeddable":true,"href":"https:\/\/bauchzwergl.de\/index.php?rest_route=%2Fwp%2Fv2%2Fcomments&post=509"}],"version-history":[{"count":4,"href":"https:\/\/bauchzwergl.de\/index.php?rest_route=\/wp\/v2\/pages\/509\/revisions"}],"predecessor-version":[{"id":662,"href":"https:\/\/bauchzwergl.de\/index.php?rest_route=\/wp\/v2\/pages\/509\/revisions\/662"}],"wp:attachment":[{"href":"https:\/\/bauchzwergl.de\/index.php?rest_route=%2Fwp%2Fv2%2Fmedia&parent=509"}],"curies":[{"name":"wp","href":"https:\/\/api.w.org\/{rel}","templated":true}]}}